{"id":9,"date":"2021-02-09T13:54:24","date_gmt":"2021-02-09T12:54:24","guid":{"rendered":"https:\/\/galileoproduction.cz\/?page_id=9"},"modified":"2026-01-09T16:17:21","modified_gmt":"2026-01-09T15:17:21","slug":"o-nas","status":"publish","type":"page","link":"https:\/\/galileoproduction.cz\/index.php\/o-nas\/","title":{"rendered":"O n\u00e1s"},"content":{"rendered":"\n<div class=\"wp-block-uagb-container uagb-block-52e5ea8b default uagb-is-root-container\"><h2 style=\"border-style:none;border-width:0px; padding-top:0;padding-bottom:var(--wp--preset--spacing--50);padding-left:0;padding-right:0;margin-right:0;margin-left:0;margin-top:0;margin-bottom:0;\" class=\"wp-block-post-title\">O n\u00e1s<\/h2><\/div>\n\n\n\n<div style=\"height:60px\" aria-hidden=\"true\" class=\"wp-block-spacer\"><\/div>\n\n\n\n<div class=\"wp-block-group uag-hide-mob is-layout-constrained wp-block-group-is-layout-constrained\">\n<div class=\"wp-block-stackable-text stk-block-text stk-block stk-d3d5bc0\" data-block-id=\"d3d5bc0\"><p class=\"stk-block-text__text has-text-align-justify\"><strong>GALILEO Production, s.r.o.<\/strong>&nbsp;byla zalo\u017eena v lednu 2006 vy\u010dlen\u011bn\u00edm v\u00fdrobn\u00ed divize z p\u016fvodn\u00ed spole\u010dnosti&nbsp;<strong>Galileo reklama<\/strong>&nbsp;(zalo\u017eena 1995).&nbsp;<strong>GALILEO Production<\/strong>&nbsp;je v\u00fdrobn\u00ed spole\u010dnost\u00ed, kter\u00e1 sv\u00e9 hlavn\u00ed aktivity sm\u011b\u0159uje do oblasti v\u00fdroby&nbsp;<strong>indoor a outdoor reklamy<\/strong>, prost\u0159edk\u016f pro&nbsp;<strong>vizu\u00e1ln\u00ed komunikaci<\/strong>&nbsp;a&nbsp;<strong>reklamn\u00edch slu\u017eeb<\/strong>&nbsp;zahrnuj\u00edc\u00ed dod\u00e1vky a v\u00fdrobu&nbsp;<strong>reklamn\u00edch p\u0159edm\u011bt\u016f<\/strong>,&nbsp;<strong>reklamn\u00edho textilu<\/strong>, v\u00fdrobu&nbsp;<strong>malon\u00e1kladov\u00fdch tiskovin<\/strong>&nbsp;apod.<\/p><\/div>\n\n\n\n<div class=\"wp-block-stackable-text stk-block-text stk-block stk-c8a43eb\" data-block-id=\"c8a43eb\"><style>.stk-c8a43eb {margin-bottom:25px !important;}<\/style><p class=\"stk-block-text__text has-text-align-justify\">Samostatnou \u010d\u00e1st\u00ed je v\u00fdroba a dod\u00e1vky&nbsp;<strong>textiln\u00edch velkoform\u00e1tov\u00fdch aplikac\u00ed<\/strong>&nbsp;vyp\u00ednan\u00fdch do speci\u00e1ln\u00edch konstrukc\u00ed, nab\u00edzen\u00e9 pod vlastn\u00ed zna\u010dkou&nbsp;<strong>FRAME SYSTEMS<\/strong>.<\/p><\/div>\n\n\n\n<div class=\"wp-block-stackable-text stk-block-text stk-block stk-ec78a6d\" data-block-id=\"ec78a6d\"><p class=\"stk-block-text__text has-text-align-justify\">Z\u00e1klad v\u00fdrobn\u00edho procesu tvo\u0159\u00ed&nbsp;<strong>velkoform\u00e1tov\u00fd tisk<\/strong>&nbsp;zastoupen\u00fd \u0161irokou \u0159adou&nbsp;<strong>nejmodern\u011bj\u0161\u00edch tiskov\u00fdch technologi\u00ed<\/strong>. Na tento proces jsou nav\u00e1z\u00e1ny technologie ur\u010den\u00e9 pro dal\u0161\u00ed&nbsp;<strong>zpracov\u00e1n\u00ed a finalizaci tisk\u016f<\/strong>. Komplexnost v\u00fdrobn\u00edho procesu je zaji\u0161t\u011bna \u00fapln\u00fdm vlastn\u00edm vybaven\u00edm pro&nbsp;<strong>mont\u00e1\u017ee<\/strong>. Sou\u010dasn\u00fd t\u00fdm&nbsp;<strong>48 pracovn\u00edk\u016f<\/strong>&nbsp;zaji\u0161\u0165uje kompletn\u00ed p\u00e9\u010di o klienty a poskytuje z\u00e1ruku&nbsp;<strong>profesion\u00e1ln\u00edho \u0159e\u0161en\u00ed<\/strong>&nbsp;i t\u011bch&nbsp;<strong>nejn\u00e1ro\u010dn\u011bj\u0161\u00edch zak\u00e1zek<\/strong>&nbsp;v po\u017eadovan\u00fdch dodac\u00edch term\u00ednech. Klademe vysok\u00fd d\u016fraz na neust\u00e1l\u00e9&nbsp;<strong>zvy\u0161ov\u00e1n\u00ed \u00farovn\u011b technick\u00e9ho a technologick\u00e9ho vybaven\u00ed<\/strong>, zaji\u0161\u0165ov\u00e1n\u00ed&nbsp;<strong>r\u016fstu odborn\u00e9 \u00farovn\u011b pracovn\u00edk\u016f<\/strong>&nbsp;na v\u0161ech \u00farovn\u00edch. V r\u00e1mci spolupr\u00e1ce s klienty poskytujeme&nbsp;<strong>profesion\u00e1ln\u00ed p\u0159\u00edstup<\/strong>&nbsp;a na\u0161\u00edm c\u00edlem je nab\u00eddnout&nbsp;<strong>\u0161pi\u010dkov\u00e9 slu\u017eby a servis<\/strong>, kter\u00e9 jsou nezbytn\u00fdm p\u0159edpokladem pro budov\u00e1n\u00ed&nbsp;<strong>dlouhodob\u00e9 spolupr\u00e1ce<\/strong>&nbsp;s na\u0161imi klienty a partnery.<\/p><\/div>\n<\/div>\n\n\n\n<div class=\"wp-block-group uag-hide-desktop uag-hide-tab is-layout-constrained wp-block-group-is-layout-constrained\">\n<div class=\"wp-block-stackable-text stk-block-text stk-block stk-ff3509f\" data-block-id=\"ff3509f\"><p class=\"stk-block-text__text has-text-align-left\"><strong>GALILEO Production, s.r.o.<\/strong>&nbsp;byla zalo\u017eena v lednu 2006 vy\u010dlen\u011bn\u00edm v\u00fdrobn\u00ed divize z p\u016fvodn\u00ed spole\u010dnosti&nbsp;<strong>Galileo reklama<\/strong>&nbsp;(zalo\u017eena 1995).&nbsp;<strong>GALILEO Production<\/strong>&nbsp;je v\u00fdrobn\u00ed spole\u010dnost\u00ed, kter\u00e1 sv\u00e9 hlavn\u00ed aktivity sm\u011b\u0159uje do oblasti v\u00fdroby&nbsp;<strong>indoor a outdoor reklamy<\/strong>, prost\u0159edk\u016f pro&nbsp;<strong>vizu\u00e1ln\u00ed komunikaci<\/strong>&nbsp;a&nbsp;<strong>reklamn\u00edch slu\u017eeb<\/strong>&nbsp;zahrnuj\u00edc\u00ed dod\u00e1vky a v\u00fdrobu&nbsp;<strong>reklamn\u00edch p\u0159edm\u011bt\u016f<\/strong>,&nbsp;<strong>reklamn\u00edho textilu<\/strong>, v\u00fdrobu&nbsp;<strong>malon\u00e1kladov\u00fdch tiskovin<\/strong>&nbsp;apod.<\/p><\/div>\n\n\n\n<div class=\"wp-block-stackable-text stk-block-text stk-block stk-6068a88\" data-block-id=\"6068a88\"><style>.stk-6068a88 {margin-bottom:25px !important;}<\/style><p class=\"stk-block-text__text has-text-align-left\">Samostatnou \u010d\u00e1st\u00ed je v\u00fdroba a dod\u00e1vky&nbsp;<strong>textiln\u00edch velkoform\u00e1tov\u00fdch aplikac\u00ed<\/strong>&nbsp;vyp\u00ednan\u00fdch do speci\u00e1ln\u00edch konstrukc\u00ed, nab\u00edzen\u00e9 pod vlastn\u00ed zna\u010dkou&nbsp;<strong>FRAME SYSTEMS<\/strong>.<\/p><\/div>\n\n\n\n<div class=\"wp-block-stackable-text stk-block-text stk-block stk-bed6b3f\" data-block-id=\"bed6b3f\"><p class=\"stk-block-text__text has-text-align-left\">Z\u00e1klad v\u00fdrobn\u00edho procesu tvo\u0159\u00ed&nbsp;<strong>velkoform\u00e1tov\u00fd tisk<\/strong>&nbsp;zastoupen\u00fd \u0161irokou \u0159adou&nbsp;<strong>nejmodern\u011bj\u0161\u00edch tiskov\u00fdch technologi\u00ed<\/strong>. Na tento proces jsou nav\u00e1z\u00e1ny technologie ur\u010den\u00e9 pro dal\u0161\u00ed&nbsp;<strong>zpracov\u00e1n\u00ed a finalizaci tisk\u016f<\/strong>. Komplexnost v\u00fdrobn\u00edho procesu je zaji\u0161t\u011bna \u00fapln\u00fdm vlastn\u00edm vybaven\u00edm pro&nbsp;<strong>mont\u00e1\u017ee<\/strong>. Sou\u010dasn\u00fd t\u00fdm&nbsp;<strong>48 pracovn\u00edk\u016f<\/strong>&nbsp;zaji\u0161\u0165uje kompletn\u00ed p\u00e9\u010di o klienty a poskytuje z\u00e1ruku&nbsp;<strong>profesion\u00e1ln\u00edho \u0159e\u0161en\u00ed<\/strong>&nbsp;i t\u011bch&nbsp;<strong>nejn\u00e1ro\u010dn\u011bj\u0161\u00edch zak\u00e1zek<\/strong>&nbsp;v po\u017eadovan\u00fdch dodac\u00edch term\u00ednech. Klademe vysok\u00fd d\u016fraz na neust\u00e1l\u00e9&nbsp;<strong>zvy\u0161ov\u00e1n\u00ed \u00farovn\u011b technick\u00e9ho a technologick\u00e9ho vybaven\u00ed<\/strong>, zaji\u0161\u0165ov\u00e1n\u00ed&nbsp;<strong>r\u016fstu odborn\u00e9 \u00farovn\u011b pracovn\u00edk\u016f<\/strong>&nbsp;na v\u0161ech \u00farovn\u00edch. V r\u00e1mci spolupr\u00e1ce s klienty poskytujeme&nbsp;<strong>profesion\u00e1ln\u00ed p\u0159\u00edstup<\/strong>&nbsp;a na\u0161\u00edm c\u00edlem je nab\u00eddnout&nbsp;<strong>\u0161pi\u010dkov\u00e9 slu\u017eby a servis<\/strong>, kter\u00e9 jsou nezbytn\u00fdm p\u0159edpokladem pro budov\u00e1n\u00ed&nbsp;<strong>dlouhodob\u00e9 spolupr\u00e1ce<\/strong>&nbsp;s na\u0161imi klienty a partnery.<\/p><\/div>\n<\/div>\n\n\n\n<div class=\"wp-block-columns is-layout-flex wp-container-core-columns-is-layout-28f84493 wp-block-columns-is-layout-flex\">\n<div class=\"wp-block-column is-layout-flow wp-block-column-is-layout-flow\">\n<figure class=\"wp-block-image size-large\"><img loading=\"lazy\" decoding=\"async\" width=\"1024\" height=\"614\" src=\"https:\/\/galileoproduction.cz\/wp-content\/uploads\/2021\/05\/o-nas_2000-x-1200-1024x614.jpg\" alt=\"\" class=\"wp-image-434\" srcset=\"https:\/\/galileoproduction.cz\/wp-content\/uploads\/2021\/05\/o-nas_2000-x-1200-1024x614.jpg 1024w, https:\/\/galileoproduction.cz\/wp-content\/uploads\/2021\/05\/o-nas_2000-x-1200-300x180.jpg 300w, https:\/\/galileoproduction.cz\/wp-content\/uploads\/2021\/05\/o-nas_2000-x-1200-768x461.jpg 768w, https:\/\/galileoproduction.cz\/wp-content\/uploads\/2021\/05\/o-nas_2000-x-1200-1536x922.jpg 1536w, https:\/\/galileoproduction.cz\/wp-content\/uploads\/2021\/05\/o-nas_2000-x-1200.jpg 2000w\" sizes=\"auto, (max-width: 1024px) 100vw, 1024px\" \/><\/figure>\n<\/div>\n\n\n\n<div class=\"wp-block-column is-layout-flow wp-block-column-is-layout-flow\">\n<figure class=\"wp-block-image size-large\"><img loading=\"lazy\" decoding=\"async\" width=\"1024\" height=\"614\" src=\"https:\/\/galileoproduction.cz\/wp-content\/uploads\/2021\/05\/objekty_2000-x-1200-1024x614.jpg\" alt=\"\" class=\"wp-image-435\" srcset=\"https:\/\/galileoproduction.cz\/wp-content\/uploads\/2021\/05\/objekty_2000-x-1200-1024x614.jpg 1024w, https:\/\/galileoproduction.cz\/wp-content\/uploads\/2021\/05\/objekty_2000-x-1200-300x180.jpg 300w, https:\/\/galileoproduction.cz\/wp-content\/uploads\/2021\/05\/objekty_2000-x-1200-768x461.jpg 768w, https:\/\/galileoproduction.cz\/wp-content\/uploads\/2021\/05\/objekty_2000-x-1200-1536x922.jpg 1536w, https:\/\/galileoproduction.cz\/wp-content\/uploads\/2021\/05\/objekty_2000-x-1200.jpg 2000w\" sizes=\"auto, (max-width: 1024px) 100vw, 1024px\" \/><\/figure>\n<\/div>\n<\/div>\n","protected":false},"excerpt":{"rendered":"<p>GALILEO Production, s.r.o.&nbsp;byla zalo\u017eena v lednu 2006 vy\u010dlen\u011bn\u00edm v\u00fdrobn\u00ed divize z p\u016fvodn\u00ed spole\u010dnosti&nbsp;Galileo reklama&nbsp;(zalo\u017eena 1995).&nbsp;GALILEO Production&nbsp;je v\u00fdrobn\u00ed spole\u010dnost\u00ed, kter\u00e1 sv\u00e9 [&hellip;]<\/p>\n","protected":false},"author":1,"featured_media":0,"parent":0,"menu_order":0,"comment_status":"closed","ping_status":"closed","template":"","meta":{"_uag_custom_page_level_css":"","site-sidebar-layout":"default","site-content-layout":"","ast-site-content-layout":"default","site-content-style":"default","site-sidebar-style":"default","ast-global-header-display":"","ast-banner-title-visibility":"","ast-main-header-display":"","ast-hfb-above-header-display":"","ast-hfb-below-header-display":"","ast-hfb-mobile-header-display":"","site-post-title":"disabled","ast-breadcrumbs-content":"","ast-featured-img":"","footer-sml-layout":"","theme-transparent-header-meta":"","adv-header-id-meta":"","stick-header-meta":"","header-above-stick-meta":"","header-main-stick-meta":"","header-below-stick-meta":"","astra-migrate-meta-layouts":"default","ast-page-background-enabled":"default","ast-page-background-meta":{"desktop":{"background-color":"var(--ast-global-color-5)","background-image":"","background-repeat":"repeat","background-position":"center center","background-size":"auto","background-attachment":"scroll","background-type":"","background-media":"","overlay-type":"","overlay-color":"","overlay-opacity":"","overlay-gradient":""},"tablet":{"background-color":"","background-image":"","background-repeat":"repeat","background-position":"center center","background-size":"auto","background-attachment":"scroll","background-type":"","background-media":"","overlay-type":"","overlay-color":"","overlay-opacity":"","overlay-gradient":""},"mobile":{"background-color":"","background-image":"","background-repeat":"repeat","background-position":"center center","background-size":"auto","background-attachment":"scroll","background-type":"","background-media":"","overlay-type":"","overlay-color":"","overlay-opacity":"","overlay-gradient":""}},"ast-content-background-meta":{"desktop":{"background-color":"var(--ast-global-color-4)","background-image":"","background-repeat":"repeat","background-position":"center center","background-size":"auto","background-attachment":"scroll","background-type":"","background-media":"","overlay-type":"","overlay-color":"","overlay-opacity":"","overlay-gradient":""},"tablet":{"background-color":"var(--ast-global-color-4)","background-image":"","background-repeat":"repeat","background-position":"center center","background-size":"auto","background-attachment":"scroll","background-type":"","background-media":"","overlay-type":"","overlay-color":"","overlay-opacity":"","overlay-gradient":""},"mobile":{"background-color":"var(--ast-global-color-4)","background-image":"","background-repeat":"repeat","background-position":"center center","background-size":"auto","background-attachment":"scroll","background-type":"","background-media":"","overlay-type":"","overlay-color":"","overlay-opacity":"","overlay-gradient":""}},"footnotes":""},"class_list":["post-9","page","type-page","status-publish","hentry"],"yoast_head":"<!-- This site is optimized with the Yoast SEO plugin v18.0 - https:\/\/yoast.com\/wordpress\/plugins\/seo\/ -->\n<title>O n\u00e1s - GALILEO Production<\/title>\n<meta name=\"robots\" content=\"noindex, follow, max-snippet:-1, max-image-preview:large, max-video-preview:-1\" \/>\n<meta property=\"og:locale\" content=\"cs_CZ\" \/>\n<meta property=\"og:type\" content=\"article\" \/>\n<meta property=\"og:title\" content=\"O n\u00e1s - GALILEO Production\" \/>\n<meta property=\"og:description\" content=\"GALILEO Production, s.r.o.&nbsp;byla zalo\u017eena v lednu 2006 vy\u010dlen\u011bn\u00edm v\u00fdrobn\u00ed divize z p\u016fvodn\u00ed spole\u010dnosti&nbsp;Galileo reklama&nbsp;(zalo\u017eena 1995).&nbsp;GALILEO Production&nbsp;je v\u00fdrobn\u00ed spole\u010dnost\u00ed, kter\u00e1 sv\u00e9 [&hellip;]\" \/>\n<meta property=\"og:url\" content=\"https:\/\/galileoproduction.cz\/index.php\/o-nas\/\" \/>\n<meta property=\"og:site_name\" content=\"GALILEO Production\" \/>\n<meta property=\"article:modified_time\" content=\"2026-01-09T15:17:21+00:00\" \/>\n<meta property=\"og:image\" content=\"https:\/\/galileoproduction.cz\/wp-content\/uploads\/2021\/05\/o-nas_2000-x-1200-1024x614.jpg\" \/>\n<meta name=\"twitter:card\" content=\"summary_large_image\" \/>\n<meta name=\"twitter:label1\" content=\"Odhadovan\u00e1 doba \u010dten\u00ed\" \/>\n\t<meta name=\"twitter:data1\" content=\"2 minuty\" \/>\n<script type=\"application\/ld+json\" class=\"yoast-schema-graph\">{\"@context\":\"https:\/\/schema.org\",\"@graph\":[{\"@type\":\"WebSite\",\"@id\":\"https:\/\/galileoproduction.cz\/#website\",\"url\":\"https:\/\/galileoproduction.cz\/\",\"name\":\"GALILEO Production\",\"description\":\"\",\"potentialAction\":[{\"@type\":\"SearchAction\",\"target\":{\"@type\":\"EntryPoint\",\"urlTemplate\":\"https:\/\/galileoproduction.cz\/?s={search_term_string}\"},\"query-input\":\"required name=search_term_string\"}],\"inLanguage\":\"cs\"},{\"@type\":\"ImageObject\",\"@id\":\"https:\/\/galileoproduction.cz\/index.php\/o-nas\/#primaryimage\",\"inLanguage\":\"cs\",\"url\":\"https:\/\/galileoproduction.cz\/wp-content\/uploads\/2021\/05\/o-nas_2000-x-1200.jpg\",\"contentUrl\":\"https:\/\/galileoproduction.cz\/wp-content\/uploads\/2021\/05\/o-nas_2000-x-1200.jpg\",\"width\":2000,\"height\":1200},{\"@type\":\"WebPage\",\"@id\":\"https:\/\/galileoproduction.cz\/index.php\/o-nas\/#webpage\",\"url\":\"https:\/\/galileoproduction.cz\/index.php\/o-nas\/\",\"name\":\"O n\u00e1s - GALILEO Production\",\"isPartOf\":{\"@id\":\"https:\/\/galileoproduction.cz\/#website\"},\"primaryImageOfPage\":{\"@id\":\"https:\/\/galileoproduction.cz\/index.php\/o-nas\/#primaryimage\"},\"datePublished\":\"2021-02-09T12:54:24+00:00\",\"dateModified\":\"2026-01-09T15:17:21+00:00\",\"breadcrumb\":{\"@id\":\"https:\/\/galileoproduction.cz\/index.php\/o-nas\/#breadcrumb\"},\"inLanguage\":\"cs\",\"potentialAction\":[{\"@type\":\"ReadAction\",\"target\":[\"https:\/\/galileoproduction.cz\/index.php\/o-nas\/\"]}]},{\"@type\":\"BreadcrumbList\",\"@id\":\"https:\/\/galileoproduction.cz\/index.php\/o-nas\/#breadcrumb\",\"itemListElement\":[{\"@type\":\"ListItem\",\"position\":1,\"name\":\"Dom\u016f\",\"item\":\"https:\/\/galileoproduction.cz\/\"},{\"@type\":\"ListItem\",\"position\":2,\"name\":\"O n\u00e1s\"}]}]}<\/script>\n<!-- \/ Yoast SEO plugin. -->","yoast_head_json":{"title":"O n\u00e1s - GALILEO Production","robots":{"index":"noindex","follow":"follow","max-snippet":"max-snippet:-1","max-image-preview":"max-image-preview:large","max-video-preview":"max-video-preview:-1"},"og_locale":"cs_CZ","og_type":"article","og_title":"O n\u00e1s - GALILEO Production","og_description":"GALILEO Production, s.r.o.&nbsp;byla zalo\u017eena v lednu 2006 vy\u010dlen\u011bn\u00edm v\u00fdrobn\u00ed divize z p\u016fvodn\u00ed spole\u010dnosti&nbsp;Galileo reklama&nbsp;(zalo\u017eena 1995).&nbsp;GALILEO Production&nbsp;je v\u00fdrobn\u00ed spole\u010dnost\u00ed, kter\u00e1 sv\u00e9 [&hellip;]","og_url":"https:\/\/galileoproduction.cz\/index.php\/o-nas\/","og_site_name":"GALILEO Production","article_modified_time":"2026-01-09T15:17:21+00:00","og_image":[{"url":"https:\/\/galileoproduction.cz\/wp-content\/uploads\/2021\/05\/o-nas_2000-x-1200-1024x614.jpg"}],"twitter_card":"summary_large_image","twitter_misc":{"Odhadovan\u00e1 doba \u010dten\u00ed":"2 minuty"},"schema":{"@context":"https:\/\/schema.org","@graph":[{"@type":"WebSite","@id":"https:\/\/galileoproduction.cz\/#website","url":"https:\/\/galileoproduction.cz\/","name":"GALILEO Production","description":"","potentialAction":[{"@type":"SearchAction","target":{"@type":"EntryPoint","urlTemplate":"https:\/\/galileoproduction.cz\/?s={search_term_string}"},"query-input":"required name=search_term_string"}],"inLanguage":"cs"},{"@type":"ImageObject","@id":"https:\/\/galileoproduction.cz\/index.php\/o-nas\/#primaryimage","inLanguage":"cs","url":"https:\/\/galileoproduction.cz\/wp-content\/uploads\/2021\/05\/o-nas_2000-x-1200.jpg","contentUrl":"https:\/\/galileoproduction.cz\/wp-content\/uploads\/2021\/05\/o-nas_2000-x-1200.jpg","width":2000,"height":1200},{"@type":"WebPage","@id":"https:\/\/galileoproduction.cz\/index.php\/o-nas\/#webpage","url":"https:\/\/galileoproduction.cz\/index.php\/o-nas\/","name":"O n\u00e1s - GALILEO Production","isPartOf":{"@id":"https:\/\/galileoproduction.cz\/#website"},"primaryImageOfPage":{"@id":"https:\/\/galileoproduction.cz\/index.php\/o-nas\/#primaryimage"},"datePublished":"2021-02-09T12:54:24+00:00","dateModified":"2026-01-09T15:17:21+00:00","breadcrumb":{"@id":"https:\/\/galileoproduction.cz\/index.php\/o-nas\/#breadcrumb"},"inLanguage":"cs","potentialAction":[{"@type":"ReadAction","target":["https:\/\/galileoproduction.cz\/index.php\/o-nas\/"]}]},{"@type":"BreadcrumbList","@id":"https:\/\/galileoproduction.cz\/index.php\/o-nas\/#breadcrumb","itemListElement":[{"@type":"ListItem","position":1,"name":"Dom\u016f","item":"https:\/\/galileoproduction.cz\/"},{"@type":"ListItem","position":2,"name":"O n\u00e1s"}]}]}},"uagb_featured_image_src":{"full":false,"thumbnail":false,"medium":false,"medium_large":false,"large":false,"1536x1536":false,"2048x2048":false},"uagb_author_info":{"display_name":"admin","author_link":"https:\/\/galileoproduction.cz\/index.php\/author\/admin\/"},"uagb_comment_info":0,"uagb_excerpt":"GALILEO Production, s.r.o.&nbsp;byla zalo\u017eena v lednu 2006 vy\u010dlen\u011bn\u00edm v\u00fdrobn\u00ed divize z p\u016fvodn\u00ed spole\u010dnosti&nbsp;Galileo reklama&nbsp;(zalo\u017eena 1995).&nbsp;GALILEO Production&nbsp;je v\u00fdrobn\u00ed spole\u010dnost\u00ed, kter\u00e1 sv\u00e9 [&hellip;]","_links":{"self":[{"href":"https:\/\/galileoproduction.cz\/index.php\/wp-json\/wp\/v2\/pages\/9","targetHints":{"allow":["GET"]}}],"collection":[{"href":"https:\/\/galileoproduction.cz\/index.php\/wp-json\/wp\/v2\/pages"}],"about":[{"href":"https:\/\/galileoproduction.cz\/index.php\/wp-json\/wp\/v2\/types\/page"}],"author":[{"embeddable":true,"href":"https:\/\/galileoproduction.cz\/index.php\/wp-json\/wp\/v2\/users\/1"}],"replies":[{"embeddable":true,"href":"https:\/\/galileoproduction.cz\/index.php\/wp-json\/wp\/v2\/comments?post=9"}],"version-history":[{"count":19,"href":"https:\/\/galileoproduction.cz\/index.php\/wp-json\/wp\/v2\/pages\/9\/revisions"}],"predecessor-version":[{"id":1239,"href":"https:\/\/galileoproduction.cz\/index.php\/wp-json\/wp\/v2\/pages\/9\/revisions\/1239"}],"wp:attachment":[{"href":"https:\/\/galileoproduction.cz\/index.php\/wp-json\/wp\/v2\/media?parent=9"}],"curies":[{"name":"wp","href":"https:\/\/api.w.org\/{rel}","templated":true}]}}